{"id":209,"date":"2021-06-07T19:33:29","date_gmt":"2021-06-08T02:33:29","guid":{"rendered":"https:\/\/adventdoula.ca\/?page_id=209"},"modified":"2024-01-15T13:06:54","modified_gmt":"2024-01-15T20:06:54","slug":"doula","status":"publish","type":"page","link":"https:\/\/adventdoula.ca\/index.php\/doula\/","title":{"rendered":"Doula"},"content":{"rendered":"\n<div class=\"wp-block-columns is-layout-flex wp-container-core-columns-is-layout-9d6595d7 wp-block-columns-is-layout-flex\">\n<div class=\"wp-block-column is-layout-flow wp-block-column-is-layout-flow\">\n<h4 class=\"wp-block-heading\" id=\"doula-virtual\">Doula Virtual<\/h4>\n\n\n\n<p>A doula virtual oferece educa\u00e7\u00e3o, apoio tranquilizador durante a gravidez, trabalho de parto e parto, bem como o per\u00edodo p\u00f3s-parto e afirma\u00e7\u00f5es que trazem conforto. O n\u00edvel de atendimento \u00e9 paralelo em qualidade ao do suporte presencial tradicional, exceto que os servi\u00e7os ser\u00e3o prestados virtualmente por meio de uma plataforma selecionada no momento do in\u00edcio dos servi\u00e7os.<br>Nossos servi\u00e7os de doula virtual s\u00e3o exclusivos para a necessidade de uma gesta\u00e7\u00e3o\/ de um parto e tamb\u00e9m do parceiro, e podem incluir, mas n\u00e3o est\u00e3o limitados a:<br>&#8211; Assist\u00eancia ao plano de parto.<br>&#8211; Prepara\u00e7\u00e3o para se comunicar de maneira mais eficaz com sua equipe m\u00e9dica.<br>&#8211; Preparac\u00e3o da gestante e do seu parceiro na \u00e1rea de relaxamento e t\u00e9cnicas de enfrentamento para o grande dia (nascimento).<br>&#8211; Educa\u00e7\u00e3o individual, incluindo educa\u00e7\u00e3o perinatal, bem como recursos educacionais adicionais.<br>&#8211; Comunica\u00e7\u00e3o virtual ilimitada (telefone, sms, e-mail) desde o in\u00edcio do contrato.<br>&#8211; Suporte virtual assim que o trabalho de parto come\u00e7ar.<br>&#8211; Visitas virtuais de pr\u00e9-natal e p\u00f3s-parto.<br>&#8211; Apoio \u00e0 lacta\u00e7\u00e3o e encaminhamento para recursos adicionais, se necess\u00e1rio.<\/p>\n\n\n\n<p><br><strong>Investimento:<\/strong> Pacotes a partir de CAD $850 ou servi\u00e7os a partir de CAD $45\/h<\/p>\n<\/div>\n\n\n\n<div class=\"wp-block-column is-layout-flow wp-block-column-is-layout-flow\">\n<figure class=\"wp-block-image size-large\"><img loading=\"lazy\" decoding=\"async\" width=\"500\" height=\"667\" src=\"https:\/\/adventdoula.ca\/wp-content\/uploads\/2021\/06\/baby7.jpg\" alt=\"\" class=\"wp-image-311\" srcset=\"https:\/\/adventdoula.ca\/wp-content\/uploads\/2021\/06\/baby7.jpg 500w, https:\/\/adventdoula.ca\/wp-content\/uploads\/2021\/06\/baby7-225x300.jpg 225w\" sizes=\"auto, (max-width: 500px) 100vw, 500px\" \/><\/figure>\n<\/div>\n<\/div>\n\n\n\n<div class=\"wp-block-columns is-layout-flex wp-container-core-columns-is-layout-9d6595d7 wp-block-columns-is-layout-flex\">\n<div class=\"wp-block-column is-layout-flow wp-block-column-is-layout-flow\">\n<figure class=\"wp-block-image size-large\"><img loading=\"lazy\" decoding=\"async\" width=\"1024\" height=\"683\" src=\"https:\/\/adventdoula.ca\/wp-content\/uploads\/2021\/06\/freestocks-ux53SGpRAHU-unsplash-1024x683.jpg\" alt=\"\" class=\"wp-image-316\" srcset=\"https:\/\/adventdoula.ca\/wp-content\/uploads\/2021\/06\/freestocks-ux53SGpRAHU-unsplash-1024x683.jpg 1024w, https:\/\/adventdoula.ca\/wp-content\/uploads\/2021\/06\/freestocks-ux53SGpRAHU-unsplash-300x200.jpg 300w, https:\/\/adventdoula.ca\/wp-content\/uploads\/2021\/06\/freestocks-ux53SGpRAHU-unsplash-768x512.jpg 768w, https:\/\/adventdoula.ca\/wp-content\/uploads\/2021\/06\/freestocks-ux53SGpRAHU-unsplash-1536x1024.jpg 1536w, https:\/\/adventdoula.ca\/wp-content\/uploads\/2021\/06\/freestocks-ux53SGpRAHU-unsplash-2048x1365.jpg 2048w\" sizes=\"auto, (max-width: 1024px) 100vw, 1024px\" \/><\/figure>\n<\/div>\n\n\n\n<div class=\"wp-block-column is-layout-flow wp-block-column-is-layout-flow\">\n<h4 class=\"wp-block-heading\" id=\"doula-no-pre-natal\">Doula no Pr\u00e9-Natal<\/h4>\n\n\n\n<p>Podemos simplificar o processo de sua gravidez sendo uma gesta\u00e7\u00e3o de alto risco ou n\u00e3o. <br>Os servi\u00e7os de doula de parto e p\u00f3s-parto podem ser adaptados \u00e0s suas necessidades espec\u00edficas e podem incluir: Em casa, prepara\u00e7\u00e3o de refei\u00e7\u00f5es, assist\u00eancia nas atividades da vida di\u00e1ria, compras, prepara\u00e7\u00e3o para o beb\u00ea, organiza\u00e7\u00e3o do quartinho do beb\u00ea. Garanto que voc\u00ea ir\u00e1 se sentir bem!<\/p>\n\n\n\n<p><br><strong>Investimento<\/strong>: os servi\u00e7os custam a partir de CAD $40\/h.<\/p>\n<\/div>\n<\/div>\n\n\n\n<div class=\"wp-block-columns is-layout-flex wp-container-core-columns-is-layout-9d6595d7 wp-block-columns-is-layout-flex\">\n<div class=\"wp-block-column is-layout-flow wp-block-column-is-layout-flow\">\n<h4 class=\"wp-block-heading\" id=\"doula-no-parto\">Doula no Parto<\/h4>\n\n\n\n<p>Nossos servi\u00e7os de apoio ao parto s\u00e3o exclusivos para a necessidade da parturiente e do parceiro, e podem incluir, mas n\u00e3o est\u00e3o limitados a:<br>&#8211; Assist\u00eancia ao plano de parto.<br>&#8211; Prepara\u00e7\u00e3o para se comunicar de maneira mais eficaz com sua equipe m\u00e9dica.<br>&#8211; Preparac\u00e3o da gestante e do seu parceiro na \u00e1rea de relaxamento e t\u00e9cnicas de enfrentamento para o grande dia (nascimento).<br>&#8211; Educa\u00e7\u00e3o individual, incluindo educa\u00e7\u00e3o perinatal, bem como recursos educacionais adicionais.<br>&#8211; Comunica\u00e7\u00e3o virtual ilimitada (telefone, sms, e-mail) desde o in\u00edcio do contrato.<br>&#8211; Suporte presencial (face a face) completo assim que o trabalho de parto come\u00e7ar.<br>&#8211; Visitas pr\u00e9-natais e p\u00f3s-parto.<br>&#8211; Apoio \u00e0 lacta\u00e7\u00e3o e encaminhamento para recursos adicionais, se necess\u00e1rio.<br>&#8211; Assist\u00eancia na identifica\u00e7\u00e3o de fornecedores adicionais, como fotografia, massagem, pediatra, fisioterapia p\u00e9lvica, acupuntura. <\/p>\n\n\n\n<p><br><strong>Investimento<\/strong>: a partir de CAD $1580.<\/p>\n<\/div>\n\n\n\n<div class=\"wp-block-column is-layout-flow wp-block-column-is-layout-flow\">\n<figure class=\"wp-block-image size-large\"><img loading=\"lazy\" decoding=\"async\" width=\"500\" height=\"333\" src=\"https:\/\/adventdoula.ca\/wp-content\/uploads\/2021\/06\/foto-baby2.jpg\" alt=\"\" class=\"wp-image-314\" srcset=\"https:\/\/adventdoula.ca\/wp-content\/uploads\/2021\/06\/foto-baby2.jpg 500w, https:\/\/adventdoula.ca\/wp-content\/uploads\/2021\/06\/foto-baby2-300x200.jpg 300w\" sizes=\"auto, (max-width: 500px) 100vw, 500px\" \/><\/figure>\n<\/div>\n<\/div>\n\n\n\n<div class=\"wp-block-columns is-layout-flex wp-container-core-columns-is-layout-9d6595d7 wp-block-columns-is-layout-flex\">\n<div class=\"wp-block-column is-layout-flow wp-block-column-is-layout-flow\">\n<figure class=\"wp-block-image size-large\"><img loading=\"lazy\" decoding=\"async\" width=\"500\" height=\"333\" src=\"https:\/\/adventdoula.ca\/wp-content\/uploads\/2021\/06\/baby4.jpeg\" alt=\"\" class=\"wp-image-309\" srcset=\"https:\/\/adventdoula.ca\/wp-content\/uploads\/2021\/06\/baby4.jpeg 500w, https:\/\/adventdoula.ca\/wp-content\/uploads\/2021\/06\/baby4-300x200.jpeg 300w\" sizes=\"auto, (max-width: 500px) 100vw, 500px\" \/><\/figure>\n<\/div>\n\n\n\n<div class=\"wp-block-column is-layout-flow wp-block-column-is-layout-flow\">\n<h4 class=\"wp-block-heading\" id=\"doula-no-pos-parto\">Doula no P\u00f3s-Parto<\/h4>\n\n\n\n<p>Cuidados em casa para ajudar nos melhores resultados de recupera\u00e7\u00e3o ap\u00f3s o parto de seu beb\u00ea. O Advent Postpartum Doula Services pretende ser um conjunto extra de m\u00e3o experiente durante os primeiros dias ap\u00f3s o parto.<br>Com base na sua \u00e1rea de necessidade identificada, os servi\u00e7os de doula p\u00f3s-parto podem incluir: apoio durante a noite, cuidados com o rec\u00e9m-nascido, limpeza leve e prepara\u00e7\u00e3o de refei\u00e7\u00f5es, assist\u00eancia com irm\u00e3os mais velhos, apoio \u00e0 lacta\u00e7\u00e3o, assist\u00eancia para se ajustar \u00e0s demandas de ser novo pai ou pais novamente.<\/p>\n\n\n\n<p><br><strong>Investimento<\/strong>: os servi\u00e7os custam a partir de CAD $45\/h.<\/p>\n<\/div>\n<\/div>\n\n\n\n<p><\/p>\n","protected":false},"excerpt":{"rendered":"<p>Doula Virtual A doula virtual oferece educa\u00e7\u00e3o, apoio tranquilizador durante a gravidez, trabalho de parto e parto, bem como o per\u00edodo p\u00f3s-parto e afirma\u00e7\u00f5es que trazem conforto. O n\u00edvel de atendimento \u00e9 paralelo em qualidade ao do suporte presencial tradicional, exceto que os servi\u00e7os ser\u00e3o prestados virtualmente por meio de uma plataforma selecionada no momento <a class=\"more-link\" href=\"https:\/\/adventdoula.ca\/index.php\/doula\/\">Continue reading <i class=\"fa fa-chevron-right\"><\/i><\/a><\/p>\n","protected":false},"author":1,"featured_media":0,"parent":0,"menu_order":0,"comment_status":"closed","ping_status":"closed","template":"","meta":{"footnotes":""},"class_list":["post-209","page","type-page","status-publish","hentry"],"_links":{"self":[{"href":"https:\/\/adventdoula.ca\/index.php\/wp-json\/wp\/v2\/pages\/209","targetHints":{"allow":["GET"]}}],"collection":[{"href":"https:\/\/adventdoula.ca\/index.php\/wp-json\/wp\/v2\/pages"}],"about":[{"href":"https:\/\/adventdoula.ca\/index.php\/wp-json\/wp\/v2\/types\/page"}],"author":[{"embeddable":true,"href":"https:\/\/adventdoula.ca\/index.php\/wp-json\/wp\/v2\/users\/1"}],"replies":[{"embeddable":true,"href":"https:\/\/adventdoula.ca\/index.php\/wp-json\/wp\/v2\/comments?post=209"}],"version-history":[{"count":25,"href":"https:\/\/adventdoula.ca\/index.php\/wp-json\/wp\/v2\/pages\/209\/revisions"}],"predecessor-version":[{"id":380,"href":"https:\/\/adventdoula.ca\/index.php\/wp-json\/wp\/v2\/pages\/209\/revisions\/380"}],"wp:attachment":[{"href":"https:\/\/adventdoula.ca\/index.php\/wp-json\/wp\/v2\/media?parent=209"}],"curies":[{"name":"wp","href":"https:\/\/api.w.org\/{rel}","templated":true}]}}