{"id":203,"date":"2021-06-07T19:14:09","date_gmt":"2021-06-08T02:14:09","guid":{"rendered":"https:\/\/adventdoula.ca\/?page_id=203"},"modified":"2025-10-17T14:51:58","modified_gmt":"2025-10-17T21:51:58","slug":"packages","status":"publish","type":"page","link":"https:\/\/adventdoula.ca\/index.php\/packages\/","title":{"rendered":"Packages"},"content":{"rendered":"\n<div class=\"wp-block-columns is-layout-flex wp-container-core-columns-is-layout-9d6595d7 wp-block-columns-is-layout-flex\">\n<div class=\"wp-block-column is-layout-flow wp-block-column-is-layout-flow\">\n<h4 class=\"wp-block-heading\" id=\"padrao-cad-1-380\">STANDARD- CAD $1.580<\/h4>\n\n\n\n<ul class=\"wp-block-list\">\n<li>DUAS CONSULTAS PR\u00c9-NATAIS (ONLINE)<\/li>\n\n\n\n<li>ASSIST\u00caNCIA AO PLANO DE PARTO<\/li>\n\n\n\n<li>PREPARA\u00c7\u00c3O NA COMUNICA\u00c7\u00c3O MAIS EFICAZ COM SEU PROVEDOR DE CUIDADOS<\/li>\n\n\n\n<li>PREPARA\u00c7\u00c3O DA GESTANTE E DO PARCEIRO NA \u00c1REA DE RELAXAMENTO E T\u00c9CNICAS DE SUPERA\u00c7\u00c3O PARA O GRANDE DIA (NASCIMENTO)<\/li>\n\n\n\n<li>SUPORTE VIRTUAL ILIMITADO (TELEFONE, SMS, EMAIL)<\/li>\n\n\n\n<li>SUPORTE PRESENCIAL (FACE TO FACE) DURANTE O TRABALHO DE PARTO<\/li>\n\n\n\n<li>UMA VISITA (1h) DE SEGUIMENTO P\u00d3S-PARTO QUE INCLUI SUPORTE EM LACTA\u00c7\u00c3O <\/li>\n\n\n\n<li>ASSIST\u00caNCIA NA IDENTIFICA\u00c7\u00c3O DE PROVEDORES ADICIONAIS (GRAVIDEZ \/ P\u00d3S-PARTO).<\/li>\n\n\n\n<li>EXTRA: ENCONTROS EXCLUSIVOS ENTRE GESTANTES E PU\u00c9RPERAS COM MOMENTO DE CONFRATERNIZA\u00c7\u00c3O E PALESTRAS.<\/li>\n<\/ul>\n<\/div>\n\n\n\n<div class=\"wp-block-column is-layout-flow wp-block-column-is-layout-flow\">\n<figure class=\"wp-block-image size-large\"><img loading=\"lazy\" decoding=\"async\" width=\"500\" height=\"333\" src=\"https:\/\/adventdoula.ca\/wp-content\/uploads\/2021\/06\/baby8.jpg\" alt=\"\" class=\"wp-image-320\" srcset=\"https:\/\/adventdoula.ca\/wp-content\/uploads\/2021\/06\/baby8.jpg 500w, https:\/\/adventdoula.ca\/wp-content\/uploads\/2021\/06\/baby8-300x200.jpg 300w\" sizes=\"auto, (max-width: 500px) 100vw, 500px\" \/><\/figure>\n<\/div>\n<\/div>\n\n\n\n<div class=\"wp-block-columns is-layout-flex wp-container-core-columns-is-layout-9d6595d7 wp-block-columns-is-layout-flex\">\n<div class=\"wp-block-column is-layout-flow wp-block-column-is-layout-flow\">\n<figure class=\"wp-block-image size-large\"><img loading=\"lazy\" decoding=\"async\" width=\"500\" height=\"375\" src=\"https:\/\/adventdoula.ca\/wp-content\/uploads\/2021\/06\/foto-baby3.jpg\" alt=\"\" class=\"wp-image-322\" srcset=\"https:\/\/adventdoula.ca\/wp-content\/uploads\/2021\/06\/foto-baby3.jpg 500w, https:\/\/adventdoula.ca\/wp-content\/uploads\/2021\/06\/foto-baby3-300x225.jpg 300w\" sizes=\"auto, (max-width: 500px) 100vw, 500px\" \/><\/figure>\n<\/div>\n\n\n\n<div class=\"wp-block-column is-layout-flow wp-block-column-is-layout-flow\">\n<h4 class=\"wp-block-heading\" id=\"superior-cad-1-500\">SUPERIOR &#8211; CAD $1.700<\/h4>\n\n\n\n<ul class=\"wp-block-list\">\n<li>TR\u00caS CONSULTAS PR\u00c9-NATAIS (ONLINES)<\/li>\n\n\n\n<li>ASSIST\u00caNCIA AO PLANO DE PARTO<\/li>\n\n\n\n<li>PREPARA\u00c7\u00c3O NA COMUNICA\u00c7\u00c3O MAIS EFICAZ COM SEU PROVEDOR DE CUIDADOS<\/li>\n\n\n\n<li>PREPARA\u00c7\u00c3O DA GESTANTE E DO PARCEIRO NA \u00c1REA DE RELAXAMENTO E T\u00c9CNICAS DE SUPERA\u00c7\u00c3O PARA O GRANDE DIA (NASCIMENTO)<\/li>\n\n\n\n<li>SUPORTE VIRTUAL ILIMITADO (TELEFONE, SMS, EMAIL)<\/li>\n\n\n\n<li>SUPORTE PRESENCIAL (FACE TO FACE) DURANTE O TRABALHO DE PARTO<\/li>\n\n\n\n<li>DUAS HORAS DE APOIO P\u00d3S-PARTO, EM CASA<\/li>\n\n\n\n<li>ASSIST\u00caNCIA NA IDENTIFICA\u00c7\u00c3O DE PROVEDORES ADICIONAIS (GRAVIDEZ \/ P\u00d3S-PARTO).<\/li>\n\n\n\n<li>EXTRA: ENCONTROS EXCLUSIVOS ENTRE GESTANTES E PU\u00c9RPERAS COM MOMENTO DE CONFRATERNIZA\u00c7\u00c3O E PALESTRAS.<\/li>\n<\/ul>\n<\/div>\n<\/div>\n","protected":false},"excerpt":{"rendered":"<p>STANDARD- CAD $1.580 SUPERIOR &#8211; CAD $1.700<\/p>\n","protected":false},"author":1,"featured_media":0,"parent":0,"menu_order":0,"comment_status":"closed","ping_status":"closed","template":"","meta":{"footnotes":""},"class_list":["post-203","page","type-page","status-publish","hentry"],"_links":{"self":[{"href":"https:\/\/adventdoula.ca\/index.php\/wp-json\/wp\/v2\/pages\/203","targetHints":{"allow":["GET"]}}],"collection":[{"href":"https:\/\/adventdoula.ca\/index.php\/wp-json\/wp\/v2\/pages"}],"about":[{"href":"https:\/\/adventdoula.ca\/index.php\/wp-json\/wp\/v2\/types\/page"}],"author":[{"embeddable":true,"href":"https:\/\/adventdoula.ca\/index.php\/wp-json\/wp\/v2\/users\/1"}],"replies":[{"embeddable":true,"href":"https:\/\/adventdoula.ca\/index.php\/wp-json\/wp\/v2\/comments?post=203"}],"version-history":[{"count":16,"href":"https:\/\/adventdoula.ca\/index.php\/wp-json\/wp\/v2\/pages\/203\/revisions"}],"predecessor-version":[{"id":413,"href":"https:\/\/adventdoula.ca\/index.php\/wp-json\/wp\/v2\/pages\/203\/revisions\/413"}],"wp:attachment":[{"href":"https:\/\/adventdoula.ca\/index.php\/wp-json\/wp\/v2\/media?parent=203"}],"curies":[{"name":"wp","href":"https:\/\/api.w.org\/{rel}","templated":true}]}}