{"id":2,"date":"2021-05-08T22:40:48","date_gmt":"2021-05-08T22:40:48","guid":{"rendered":"http:\/\/doulacynthia.ddns.net\/?page_id=2"},"modified":"2021-06-11T12:28:54","modified_gmt":"2021-06-11T19:28:54","slug":"main-page","status":"publish","type":"page","link":"https:\/\/adventdoula.ca\/","title":{"rendered":"Main Page"},"content":{"rendered":"<div id=\"metaslider-id-28\" style=\"width: 100%;\" class=\"ml-slider-3-20-3 metaslider metaslider-flex metaslider-28 ml-slider ms-theme-jenga has-dots-nav\">\n    <div id=\"metaslider_container_28\">\n        <div id=\"metaslider_28\" class=\"flexslider\">\n            <ul aria-live=\"polite\" class=\"slides\">\n                <li style=\"display: block; width: 100%;\" class=\"slide-37 ms-image\"><img loading=\"lazy\" decoding=\"async\" src=\"https:\/\/adventdoula.ca\/wp-content\/uploads\/2021\/05\/WhatsApp-Image-2021-05-28-at-7.33.01-PM-700x300.jpeg\" height=\"300\" width=\"700\" alt=\"\" class=\"slider-28 slide-37\" title=\"Cynthia\" \/><div class=\"caption-wrap\"><div class=\"caption\"><p style=\"font-size:20px;\">At every birth, two people are born, a baby and a mother<\/p><\/div><\/div><\/li>\n                <li style=\"display: none; width: 100%;\" class=\"slide-38 ms-image\"><img loading=\"lazy\" decoding=\"async\" src=\"https:\/\/adventdoula.ca\/wp-content\/uploads\/2021\/05\/WhatsApp-Image-2021-05-28-at-7.33.16-PM-700x300.jpeg\" height=\"300\" width=\"700\" alt=\"\" class=\"slider-28 slide-38\" title=\"Gravida\" \/><div class=\"caption-wrap\"><div class=\"caption\"><p style=\"font-size:20px;\">A baby fills a void in your heart that you always thought was already filled<\/p><\/div><\/div><\/li>\n            <\/ul>\n        <\/div>\n        \n    <\/div>\n<\/div>\n\n\n\n<hr class=\"wp-block-separator section-divider\"\/>\n\n\n\n<div class=\"wp-block-columns is-layout-flex wp-container-core-columns-is-layout-9d6595d7 wp-block-columns-is-layout-flex\">\n<div class=\"wp-block-column is-layout-flow wp-block-column-is-layout-flow\">\n<blockquote class=\"wp-block-quote is-layout-flow wp-block-quote-is-layout-flow\"><p>O parto \u00e9 um dos momentos mais lindos e \u00fanicos que uma mulher pode vivenciar, \u00e9 inesquec\u00edvel, mas tamb\u00e9m muito desafiador. Muita das vezes, o medo e a expectativa acompanham a m\u00e3e na hora de trazer o filho ao mundo. Por isso, ter um apoio no parto \u00e9 valioso, indispens\u00e1vel. <\/p><p>Ao longo dos anos, as mulheres sempre buscaram por companhia feminina nessa hora. Fosse a m\u00e3e, a av\u00f3 ou a irm\u00e3 mais velha, havia sempre uma mulher mais experiente por perto. Atualmente, al\u00e9m da equipe m\u00e9dica obst\u00e9trica, as m\u00e3es podem contar com uma companheira muito especial: A DOULA. <\/p><p>Essa profiss\u00e3o, reconhecida e recomendada pela Organiza\u00e7\u00e3o Mundial da Sa\u00fade (OMS), \u00e9 fundamental para a humaniza\u00e7\u00e3o do parto. Al\u00e9m disso, o trabalho das doulas vai al\u00e9m do dia do nascimento, estando presente tamb\u00e9m durante o pr\u00e9-natal e o p\u00f3s-parto. A palavra &#8220;doula&#8221; vem do grego e significa &#8220;mulher que serve&#8221;. Seu papel \u00e9 oferecer conforto, encorajamento, tranq\u00fcilidade, suporte emocional, f\u00edsico e informativo durante o per\u00edodo de intensas transforma\u00e7\u00f5es que a mulher est\u00e1 vivenciando.<\/p><\/blockquote>\n\n\n\n<p><\/p>\n<\/div>\n\n\n\n<div class=\"wp-block-column is-layout-flow wp-block-column-is-layout-flow\">\n<figure class=\"wp-block-image size-large is-resized is-style-rounded\"><img loading=\"lazy\" decoding=\"async\" src=\"https:\/\/adventdoula.ca\/wp-content\/uploads\/2021\/06\/Cynthia-12-683x1024.jpg\" alt=\"\" class=\"wp-image-223\" width=\"437\" height=\"653\"\/><\/figure>\n<\/div>\n<\/div>\n\n\n\n<hr class=\"wp-block-separator section-divider\"\/>\n\n\n\n<p><\/p>\n","protected":false},"excerpt":{"rendered":"<p>O parto \u00e9 um dos momentos mais lindos e \u00fanicos que uma mulher pode vivenciar, \u00e9 inesquec\u00edvel, mas tamb\u00e9m muito desafiador. Muita das vezes, o medo e a expectativa acompanham a m\u00e3e na hora de trazer o filho ao mundo. Por isso, ter um apoio no parto \u00e9 valioso, indispens\u00e1vel. Ao longo dos anos, as <a class=\"more-link\" href=\"https:\/\/adventdoula.ca\/\">Continue reading <i class=\"fa fa-chevron-right\"><\/i><\/a><\/p>\n","protected":false},"author":1,"featured_media":0,"parent":0,"menu_order":0,"comment_status":"closed","ping_status":"closed","template":"","meta":{"footnotes":""},"class_list":["post-2","page","type-page","status-publish","hentry"],"_links":{"self":[{"href":"https:\/\/adventdoula.ca\/index.php\/wp-json\/wp\/v2\/pages\/2","targetHints":{"allow":["GET"]}}],"collection":[{"href":"https:\/\/adventdoula.ca\/index.php\/wp-json\/wp\/v2\/pages"}],"about":[{"href":"https:\/\/adventdoula.ca\/index.php\/wp-json\/wp\/v2\/types\/page"}],"author":[{"embeddable":true,"href":"https:\/\/adventdoula.ca\/index.php\/wp-json\/wp\/v2\/users\/1"}],"replies":[{"embeddable":true,"href":"https:\/\/adventdoula.ca\/index.php\/wp-json\/wp\/v2\/comments?post=2"}],"version-history":[{"count":28,"href":"https:\/\/adventdoula.ca\/index.php\/wp-json\/wp\/v2\/pages\/2\/revisions"}],"predecessor-version":[{"id":324,"href":"https:\/\/adventdoula.ca\/index.php\/wp-json\/wp\/v2\/pages\/2\/revisions\/324"}],"wp:attachment":[{"href":"https:\/\/adventdoula.ca\/index.php\/wp-json\/wp\/v2\/media?parent=2"}],"curies":[{"name":"wp","href":"https:\/\/api.w.org\/{rel}","templated":true}]}}