{"id":118,"date":"2021-06-06T20:21:01","date_gmt":"2021-06-07T03:21:01","guid":{"rendered":"https:\/\/adventdoula.ca\/?page_id=118"},"modified":"2021-06-11T12:02:06","modified_gmt":"2021-06-11T19:02:06","slug":"testimonials","status":"publish","type":"page","link":"https:\/\/adventdoula.ca\/index.php\/testimonials\/","title":{"rendered":"Testimonials"},"content":{"rendered":"\n<div class=\"wp-block-columns is-layout-flex wp-container-core-columns-is-layout-9d6595d7 wp-block-columns-is-layout-flex\">\n<div class=\"wp-block-column is-layout-flow wp-block-column-is-layout-flow\">\n<figure class=\"wp-block-pullquote\"><blockquote><p>&#8220;Eu tive um parto domiciliar lindo e natural, n\u00e3o precisei levar ponto e as sess\u00f5es que tive com a Cynthia de prepara\u00e7\u00e3o para o parto foram essenciais no meu processo. Sou muito grata, al\u00e9m de excelente profissional, um encanto de pessoa.&#8221;<\/p><cite>BRUNA<\/cite><\/blockquote><\/figure>\n\n\n\n<figure class=\"wp-block-pullquote\"><blockquote><p>&#8220;Fui atendida pela Cynthia durante a gravidez e as consultas me ajudaram muito! As dores nas costas melhoraram bastante e n\u00e3o tive nenhum dos problemas comuns no final da gravidez. Minha recupera\u00e7\u00e3o no p\u00f3s-parto tamb\u00e9m foi muito tranquila e em uma semana j\u00e1 n\u00e3o sentia mais nenhuma dor. Eu super recomendo o trabalho da Cynthia, que al\u00e9m de competente \u00e9 um amor de pessoa.&#8221;<\/p><cite>JULIA<\/cite><\/blockquote><\/figure>\n\n\n\n<figure class=\"wp-block-pullquote\"><blockquote><p>A Cynthia me atendeu no meu p\u00f3s-parto. Lamento muito n\u00e3o t\u00ea-la conhecido antes para poder me preparar para o parto. Ela \u00e9 muito atenciosa e uma \u00f3tima profissional!<\/p><cite>VER\u00d4NICA<\/cite><\/blockquote><\/figure>\n\n\n\n<figure class=\"wp-block-pullquote\"><blockquote><p>&#8220;Gravidez \u00e9 um momento muito especial pra mulher e certamente pra mim foi mais especial ainda ter podido compartilhar desse momento com a Cynthia como minha fisioterapeuta. Come\u00e7amos nossas se\u00e7\u00f5es com 28 semanas e fomos at\u00e9 as 40 semanas. Cynthia ajudou meu corpo a se preparar para passar pelo momento mais m\u00e1gico que j\u00e1 vivi, e mesmo meu filho tendo nascido de parto ces\u00e1rea, toda a prepara\u00e7\u00e3o p\u00e9lvica, de respira\u00e7\u00e3o que a Cynthia me treinou foram fundamentais para que eu me sentisse calma e preparada para traz\u00ea-lo ao mundo. Cynthia faz cuidadosamente um programa exclusivo e \u00fanico, focado em preparar o corpo da melhor forma poss\u00edvel. Ainda tem como b\u00f4nus dicas de maternidade e gravidez. Recomendo a Cynthia de olhos fechados.&#8221;<\/p><cite>CAROLINA<\/cite><\/blockquote><\/figure>\n\n\n\n<figure class=\"wp-block-pullquote\"><blockquote><p>&#8220;Fiz todas as minhas sess\u00f5es de fisioterapia p\u00e9lvica com a Cynthia para me preparar para o parto. Me atinei a necessidade de trabalhar a pelve para o trabalho de parto tardiamente, e mesmo assim Cynthia abra\u00e7ou minha causa junto comigo, fizemos sess\u00f5es online durante o \u00faltimo trimestre e foi muito n\u00edtida a evolu\u00e7\u00e3o. Mobilidade, resist\u00eancia, for\u00e7a, compreens\u00e3o do meu corpo e como ele estava se preparando para o trabalho de parto foram fundamentais para me conectar com o que esperar e o que deveria fazer quando chegasse a hora.<\/p><p>Preciso dizer tamb\u00e9m que Cynthia n\u00e3o me deixava desistir, me incentivava mesmo quando o cansa\u00e7o e os inc\u00f4modos do fim de gesta\u00e7\u00e3o vinham, foi tamb\u00e9m rede de apoio, carinhosa mas firme me lembrando o meu prop\u00f3sito e at\u00e9 me \u201cempurrando\u201d qdo precisava.<\/p><p>N\u00e3o tive 1 \u00fanico dia de dor durante minha gesta\u00e7\u00e3o &#8211; relatos comuns entre as gestantes &#8211; e tenho certeza que a fisioterapia foi grande ajuda para esse resultado.<\/p><p>Cynthia foi um presente que ganhei durante minha gesta\u00e7\u00e3o, f\u00edsica e tb mentalmente.<\/p><p>No p\u00f3s parto ela se superou, se colocou do meu lado, presente e cuidadosa sempre pronta a ajudar. Sou muita grata por isso, apesar da dist\u00e2ncia da fam\u00edlia e amigos me senti abra\u00e7ada e cuidada. ?<\/p><p>Obrigada por tanto cuidado querida! Em breve espero come\u00e7armos a nos preparar para o parto do Baby2!&#8221;<\/p><cite>RACHEL<\/cite><\/blockquote><\/figure>\n<\/div>\n\n\n\n<div class=\"wp-block-column is-layout-flow wp-block-column-is-layout-flow\">\n<figure class=\"wp-block-pullquote\"><blockquote><p>&#8220;Cynthia foi um amor durante todas as sess\u00f5es. Mesmo virtualmente me senti acolhida e guiada de maneira adequada. O exerc\u00edcio p\u00e9lvico foi fundamental para a prepara\u00e7\u00e3o do parto e, eu diria que mais ainda, as t\u00e9cnicas de respira\u00e7\u00e3o. Consegui ficar calma quando tive contra\u00e7\u00f5es, porque sabia o que fazer. Isso foi fundamental, pois durante a pandemia optei por s\u00f3 levar meu marido como acompanhante. N\u00e3o tive doula. O parto foi natural e com sucesso.&#8221;<\/p><cite>TATIANE<\/cite><\/blockquote><\/figure>\n\n\n\n<figure class=\"wp-block-pullquote\"><blockquote><p>&#8220;Cynthia is very sweet. She helped me to be prepared for my labor day with video calls exercises. She really has knowledge about what was the best for me, I asked for perineal training service but because this moment is very delicate she was flexible enough to help me with many other exercises as back pain and muscle tension. It&#8217;s very visible that she does her job by heart and really loves and enjoys helping people especially pregnant. I felt in very good hands.&#8221;<\/p><cite>ELLEN<\/cite><\/blockquote><\/figure>\n\n\n\n<figure class=\"wp-block-pullquote\"><blockquote><p>&#8220;Comecei minha fisioterapia p\u00e9lvica com a Cynthia por volta da 32 semana de gesta\u00e7\u00e3o, com o objetivo de diminuir alguns desconfortos e prevenir eventuais problemas p\u00f3s parto. Ap\u00f3s poucas sess\u00f5es j\u00e1 vi significante melhora no controle e fortalecimento do per\u00edneo, o que certamente contribuiu com um maior conforto durante as semanas finais da gesta\u00e7\u00e3o. Tais resultados continuam no p\u00f3s parto. Cynthia \u00e9 uma profissional muito qualificada, atenciosa e dedicada a suas pacientes. Preocupada com nossa qualidade de vida, realiza um excelente trabalho, mesmo neste momento adverso em que n\u00e3o podemos estar presentes fisicamente. Certamente indico seu trabalho! Sucesso!&#8221;<\/p><cite>THA\u00cdS<\/cite><\/blockquote><\/figure>\n\n\n\n<figure class=\"wp-block-pullquote\"><blockquote><p>&#8220;Cynthia, passando para agradecer todo o carinho e cuidado que voc\u00ea teve comigo durante a minha gesta\u00e7\u00e3o e logo depois que minha baby nasceu. Sem d\u00favida os exerc\u00edcios e o acompanhamento com voc\u00ea foram essenciais para o meu bem estar nesse per\u00edodo t\u00e3o especial mas tamb\u00e9m t\u00e3o necess\u00e1rio de cuidados, n\u00e9? Obrigada por ser minha fisio p\u00e9lvica que tamb\u00e9m se tornou uma amiga querida que sei que posso contar para dar aquela animada carinhosa e que aquece o cora\u00e7\u00e3o. Agrade\u00e7o a Deus pela sua vida e desejo que Ele aben\u00e7\u00f5e e proporcione tudo de melhor nessa sua nova fase profissional! Grande abra\u00e7o!&#8221;<\/p><cite>NAIARA<\/cite><\/blockquote><\/figure>\n<\/div>\n<\/div>\n","protected":false},"excerpt":{"rendered":"<p>&#8220;Eu tive um parto domiciliar lindo e natural, n\u00e3o precisei levar ponto e as sess\u00f5es que tive com a Cynthia de prepara\u00e7\u00e3o para o parto foram essenciais no meu processo. Sou muito grata, al\u00e9m de excelente profissional, um encanto de pessoa.&#8221; BRUNA &#8220;Fui atendida pela Cynthia durante a gravidez e as consultas me ajudaram muito! <a class=\"more-link\" href=\"https:\/\/adventdoula.ca\/index.php\/testimonials\/\">Continue reading <i class=\"fa fa-chevron-right\"><\/i><\/a><\/p>\n","protected":false},"author":1,"featured_media":0,"parent":0,"menu_order":0,"comment_status":"closed","ping_status":"closed","template":"","meta":{"footnotes":""},"class_list":["post-118","page","type-page","status-publish","hentry"],"_links":{"self":[{"href":"https:\/\/adventdoula.ca\/index.php\/wp-json\/wp\/v2\/pages\/118","targetHints":{"allow":["GET"]}}],"collection":[{"href":"https:\/\/adventdoula.ca\/index.php\/wp-json\/wp\/v2\/pages"}],"about":[{"href":"https:\/\/adventdoula.ca\/index.php\/wp-json\/wp\/v2\/types\/page"}],"author":[{"embeddable":true,"href":"https:\/\/adventdoula.ca\/index.php\/wp-json\/wp\/v2\/users\/1"}],"replies":[{"embeddable":true,"href":"https:\/\/adventdoula.ca\/index.php\/wp-json\/wp\/v2\/comments?post=118"}],"version-history":[{"count":18,"href":"https:\/\/adventdoula.ca\/index.php\/wp-json\/wp\/v2\/pages\/118\/revisions"}],"predecessor-version":[{"id":297,"href":"https:\/\/adventdoula.ca\/index.php\/wp-json\/wp\/v2\/pages\/118\/revisions\/297"}],"wp:attachment":[{"href":"https:\/\/adventdoula.ca\/index.php\/wp-json\/wp\/v2\/media?parent=118"}],"curies":[{"name":"wp","href":"https:\/\/api.w.org\/{rel}","templated":true}]}}